{"id":81,"date":"2018-07-09T02:11:22","date_gmt":"2018-07-09T00:11:22","guid":{"rendered":"http:\/\/www.bewegungskunst.com\/wp\/?page_id=81"},"modified":"2018-12-22T10:13:55","modified_gmt":"2018-12-22T09:13:55","slug":"dance-aware","status":"publish","type":"page","link":"https:\/\/www.bewegungskunst.com\/wp\/dance-aware\/","title":{"rendered":"Dance Aware"},"content":{"rendered":"<h2><span style=\"color: #fda223;\"><img loading=\"lazy\" decoding=\"async\" class=\"alignnone size-medium wp-image-82\" src=\"https:\/\/www.bewegungskunst.com\/wp\/wp-content\/uploads\/2018\/07\/IMGP2684-300x199.jpg\" alt=\"\" width=\"300\" height=\"199\" srcset=\"https:\/\/www.bewegungskunst.com\/wp\/wp-content\/uploads\/2018\/07\/IMGP2684-300x199.jpg 300w, https:\/\/www.bewegungskunst.com\/wp\/wp-content\/uploads\/2018\/07\/IMGP2684-768x511.jpg 768w, https:\/\/www.bewegungskunst.com\/wp\/wp-content\/uploads\/2018\/07\/IMGP2684-1024x681.jpg 1024w\" sizes=\"auto, (max-width: 300px) 100vw, 300px\" \/><\/span><br \/>\n<span style=\"float: left; color: #800000;\">Dance Aware ist eine Verbindung von Feldenkrais<\/span><span style=\"float: left; color: #800000;\">und Neuem Tanz, freier Bewegung und Kontaktimprovisation.<\/span><\/h2>\n<p>&nbsp;<\/p>\n<p>&nbsp;<\/p>\n<p><span style=\"color: #800000;\"><img loading=\"lazy\" decoding=\"async\" class=\"size-medium wp-image-83 alignright\" src=\"https:\/\/www.bewegungskunst.com\/wp\/wp-content\/uploads\/2018\/07\/Homepage-dance-aware-1-202x300.png\" alt=\"\" width=\"202\" height=\"300\" srcset=\"https:\/\/www.bewegungskunst.com\/wp\/wp-content\/uploads\/2018\/07\/Homepage-dance-aware-1-202x300.png 202w, https:\/\/www.bewegungskunst.com\/wp\/wp-content\/uploads\/2018\/07\/Homepage-dance-aware-1.png 337w\" sizes=\"auto, (max-width: 202px) 100vw, 202px\" \/><\/span><\/p>\n<p><span style=\"color: #800000;\">Dance Aware ist eine spezifische Verbindung von Neuem Tanz mit der Feldenkrais-Methode\u00ae, die Claus B\u00fchler im Laufe vieler Jahre entwickelt hat. Kurze Lektionen in &#8222;Feldenkrais Bewusstheit durch Bewegung\u00ae&#8220; verst\u00e4rken die k\u00f6rperlich-emotionale Selbst-Wahrnehmung, erweitern das Bewegungsrepertoire und bereiten so auf freie Tanzbewegungen vor, welche die pers\u00f6nlichen (eingefahrenen) Bewegungsmuster weit hinter sich lassen. Neue M\u00f6glichkeiten entstehen und werden innerhalb eines locker vorgegebenen Rahmens (z.B. Raumformen, Partnerkontakte, Energieniveau usw.) umgesetzt. Dance Aware ist auch eine ideale Aktivit\u00e4t zur Regeneration nach den Anforderungen des Arbeitsalltags. Es befriedigt den Wunsch nach Entspannung, Bewegung und Kontakt, respektiert pers\u00f6nliche Grenzen und Bed\u00fcrfnisse und n\u00e4hrt das kreative Potential bis hin zum k\u00fcnstlerischen Ausdruck.<\/span><\/p>\n<p><span style=\"color: #800000;\">Der Grund f\u00fcr die Entwicklung zum Neuen Tanz war das Bed\u00fcrfnis, sich von klassischen Tanzformen und ihren \u00e4sthetischen Normen zu l\u00f6sen. Deshalb gibt es im Neuen Tanz keine festgelegten Stilmittel oder Ausdrucksformen. Besinnung (zun\u00e4chst) auf die pure Bewegung, Erforschen ihrer M\u00f6glichkeiten und Grenzen auf der Grundlage der Kenntnis von Skelett, Muskulatur, Schwerkraftwirkung, Gleichgewicht, Schwung und Krafteinsatz bestimmen das Training; es wird ein breites Repertoire an Bewegungsm\u00f6glichkeiten angestrebt, die F\u00e4higkeit zum Erkennen und Erweitern pers\u00f6nlicher Muster und zu authentischer Bewegung; der aktive Umgang mit Spannung und Entspannung,bewusste Wahrnehmung des Atems, Schulung der Sinne (z.B. peripheres Sehen) sowie der Einsatz der Stimme geh\u00f6ren ebenso zum Neuen Tanz. Entscheidend jedoch ist die Einbeziehung der momentanen k\u00f6rper-emotionalen Befindlichkeit der Tanzenden, ihrer individuellen St\u00e4rken und Schw\u00e4chen, ihrer besonderen F\u00e4higkeiten und ihrer pers\u00f6nlichen Geschichte. Neuer Tanz wird zumeist improvisiert, er lebt durch die F\u00e4higkeit, den Impulsen des Augenblicks zu folgen und dabei das Gesamtgeschehen &#8211; im engen und weiteren Sinn: konkret t\u00e4nzerisch UND auf der Bedeutungsebene &#8211; im Bewusstsein zu behalten. <span style=\"color: #ff0000;\">Termine: s. Kalender<\/span><br \/>\n<\/span><\/p>\n","protected":false},"excerpt":{"rendered":"<p>Dance Aware ist eine Verbindung von Feldenkraisund Neuem Tanz, freier Bewegung und Kontaktimprovisation. &nbsp; &nbsp; Dance Aware ist eine spezifische Verbindung von Neuem Tanz mit der Feldenkrais-Methode\u00ae, die Claus B\u00fchler im Laufe vieler Jahre entwickelt hat. Kurze Lektionen in &#8222;Feldenkrais Bewusstheit durch Bewegung\u00ae&#8220; verst\u00e4rken die k\u00f6rperlich-emotionale Selbst-Wahrnehmung, erweitern das Bewegungsrepertoire und bereiten so auf freie [&hellip;]<\/p>\n","protected":false},"author":1,"featured_media":0,"parent":0,"menu_order":0,"comment_status":"closed","ping_status":"closed","template":"template-borders-cut.php","meta":{"footnotes":""},"class_list":["post-81","page","type-page","status-publish","hentry"],"_links":{"self":[{"href":"https:\/\/www.bewegungskunst.com\/wp\/wp-json\/wp\/v2\/pages\/81","targetHints":{"allow":["GET"]}}],"collection":[{"href":"https:\/\/www.bewegungskunst.com\/wp\/wp-json\/wp\/v2\/pages"}],"about":[{"href":"https:\/\/www.bewegungskunst.com\/wp\/wp-json\/wp\/v2\/types\/page"}],"author":[{"embeddable":true,"href":"https:\/\/www.bewegungskunst.com\/wp\/wp-json\/wp\/v2\/users\/1"}],"replies":[{"embeddable":true,"href":"https:\/\/www.bewegungskunst.com\/wp\/wp-json\/wp\/v2\/comments?post=81"}],"version-history":[{"count":14,"href":"https:\/\/www.bewegungskunst.com\/wp\/wp-json\/wp\/v2\/pages\/81\/revisions"}],"predecessor-version":[{"id":317,"href":"https:\/\/www.bewegungskunst.com\/wp\/wp-json\/wp\/v2\/pages\/81\/revisions\/317"}],"wp:attachment":[{"href":"https:\/\/www.bewegungskunst.com\/wp\/wp-json\/wp\/v2\/media?parent=81"}],"curies":[{"name":"wp","href":"https:\/\/api.w.org\/{rel}","templated":true}]}}